{"id":81,"date":"2023-12-29T12:39:55","date_gmt":"2023-12-29T12:39:55","guid":{"rendered":"https:\/\/wp-blog.filmuebersetzen.de\/?page_id=81"},"modified":"2026-04-09T11:52:01","modified_gmt":"2026-04-09T11:52:01","slug":"impressum-und-datenschutz","status":"publish","type":"page","link":"https:\/\/blog.avue-ev.de\/?page_id=81","title":{"rendered":"Impressum und Datenschutz"},"content":{"rendered":"\n<p><\/p>\n\n\n\n<h2 class=\"wp-block-heading\">Impressum<\/h2>\n\n\n\n<p><strong>AudioVisuelle \u00dcbersetzer*innen \u2013 AV\u00dc e. V.<\/strong>, Lausitzer Stra\u00dfe 10, Aufgang B 4. OG, 10999 Berlin<br>Amtsgericht Charlottenburg, Registernr. VR 35159 B<br>Vereinsregister: Amtsgerichtsplatz 1, 14057 Berlin<br>Handelsregister: Hardenbergstra\u00dfe 31, 10623 Berlin<\/p>\n\n\n\n<p>Vetretungsberechtigter Vorstand: Johanna Czerny (1. Vorsitzende), Nadine P\u00fcschel (2. Vorsitzende), Isabella Bautz (Schatzmeisterin), Isabelle Mathes (Schriftf\u00fchrerin).<br>Beisitzerinnen: Nele Katzwinkel (Mitgliederverwaltung), Morgane Saint-Cast.<\/p>\n\n\n\n<p><br>Inhaltlich verantwortlich i.S.d. \u00a7 18 MStV: Johanna Czerny<\/p>\n\n\n\n<p><strong>Kontakt<\/strong>:<br>blog@filmuebersetzen.de<\/p>\n\n\n\n<p><strong>Logo<\/strong>:<br>Ina Fiebig&nbsp;<a href=\"https:\/\/www.inafiebig.de\/\" target=\"_blank\" rel=\"noreferrer noopener\">inafiebig.de<\/a><\/p>\n\n\n\n<p><strong>Umsetzung und Betreuung des Blogs:<\/strong><br>Bianca K\u00f6rner<\/p>\n\n\n\n<p><\/p>\n\n\n\n<h2 class=\"wp-block-heading\">Datenschutzerkl\u00e4rung<\/h2>\n\n\n\n<p>Die nachfolgende Datenschutzerkl\u00e4rung gilt f\u00fcr die Nutzung der Webseite&nbsp;<em>filmuebersetzen.de (<\/em>nachfolgend \u201eWebsite\u201c), die Nutzung sozialer Medien durch den AV\u00dc e.V. und im Falle einer Kontaktaufnahme, z. B. im Rahmen eines Ersuchens um Mitgliedschaft in unserem Verein.<\/p>\n\n\n\n<p>Wir messen dem Datenschutz gro\u00dfe Bedeutung bei. Die Erhebung und Verarbeitung Ihrer personenbezogenen Daten geschieht unter Beachtung der geltenden datenschutzrechtlichen Vorschriften, insbesondere der EU-Datenschutzgrundverordnung (DSGVO). Wir erheben und verarbeiten Ihre personenbezogenen Daten, um Ihnen die oben genannten Medien anbieten zu k\u00f6nnen. Diese Erkl\u00e4rung beschreibt, wie und zu welchem Zweck Ihre Daten erfasst und genutzt werden und welche Wahlm\u00f6glichkeiten Sie im Zusammenhang mit pers\u00f6nlichen Daten haben.<\/p>\n\n\n\n<p>Durch Ihre Verwendung dieser Website stimmen Sie der Erfassung, Nutzung und \u00dcbertragung Ihrer Daten gem\u00e4\u00df dieser Datenschutzerkl\u00e4rung zu.<br>&nbsp;<\/p>\n\n\n\n<h3 class=\"wp-block-heading\">I. Verantwortliche Stelle<\/h3>\n\n\n\n<p>Verantwortliche Stelle f\u00fcr die Erhebung, Verarbeitung und Nutzung Ihrer personenbezogenen Daten im Sinne der DSGVO ist<\/p>\n\n\n\n<p>AV\u00dc e.V., Lausitzer Stra\u00dfe 10, Aufgang B, 4. OG, 10999 Berlin<br>Amtsgericht Charlottenburg, Registernr. VR 35159 B<br>Vereinsregister: Amtsgerichtsplatz 1, 14057 Berlin<br>Handelsregister: Hardenbergstra\u00dfe 31, 10623 Berlin<\/p>\n\n\n\n<p>Vetretungsberechtigter Vorstand: Johanna Czerny, Nadine P\u00fcschel, Isabella Bautz, Isabelle Mathes<\/p>\n\n\n\n<p>E-Mail: info@filmuebersetzen.de, vorstand@filmuebersetzen.de<\/p>\n\n\n\n<p>Sofern Sie der Erhebung, Verarbeitung oder Nutzung Ihrer Daten durch uns nach Ma\u00dfgabe dieser Datenschutzbestimmungen insgesamt oder f\u00fcr einzelne Ma\u00dfnahmen widersprechen wollen, k\u00f6nnen Sie Ihren Widerspruch an oben genannte verantwortliche Stelle richten.<\/p>\n\n\n\n<p>Sie k\u00f6nnen diese Datenschutzerkl\u00e4rung jederzeit speichern und ausdrucken.<br>&nbsp;<\/p>\n\n\n\n<h3 class=\"wp-block-heading\">II. Rechte der Nutzer und Betroffenen<\/h3>\n\n\n\n<p>Mit Blick auf die nachfolgend noch n\u00e4her beschriebene Datenverarbeitung haben die Nutzer und Betroffenen das Recht<\/p>\n\n\n\n<ul class=\"wp-block-list\">\n<li>auf Best\u00e4tigung, ob sie betreffende Daten verarbeitet werden, auf Auskunft \u00fcber die verarbeiteten Daten, auf weitere Informationen \u00fcber die Datenverarbeitung sowie auf Kopien der Daten (vgl. auch Art. 15 DSGVO);<\/li>\n\n\n\n<li>auf Berichtigung oder Vervollst\u00e4ndigung unrichtiger bzw. unvollst\u00e4ndiger Daten (vgl. auch Art. 16 DSGVO);<\/li>\n\n\n\n<li>auf unverz\u00fcgliche L\u00f6schung der sie betreffenden Daten (vgl. auch Art. 17 DSGVO), oder, alternativ, soweit eine weitere Verarbeitung gem\u00e4\u00df Art. 17 Abs. 3 DSGVO erforderlich ist, auf Einschr\u00e4nkung der Verarbeitung nach Ma\u00dfgabe von Art. 18 DSGVO;<\/li>\n\n\n\n<li>auf Erhalt der sie betreffenden und von ihnen bereitgestellten Daten und auf \u00dcbermittlung dieser Daten an andere Anbieter\/Verantwortliche (vgl. auch Art. 20 DSGVO);<\/li>\n\n\n\n<li>auf Beschwerde gegen\u00fcber der Aufsichtsbeh\u00f6rde, sofern sie der Ansicht sind, dass die sie betreffenden Daten durch den Anbieter unter Versto\u00df gegen datenschutzrechtliche Bestimmungen verarbeitet werden (vgl. auch Art. 77 DSGVO).<\/li>\n<\/ul>\n\n\n\n<p>Dar\u00fcber hinaus ist der Anbieter dazu verpflichtet, alle Empf\u00e4nger, denen gegen\u00fcber Daten durch den Anbieter offengelegt worden sind, \u00fcber jedwede Berichtigung oder L\u00f6schung von Daten oder die Einschr\u00e4nkung der Verarbeitung, die aufgrund der Artikel 16, 17 Abs. 1, 18 DSGVO erfolgt, zu unterrichten. Diese Verpflichtung besteht jedoch nicht, soweit diese Mitteilung unm\u00f6glich oder mit einem unverh\u00e4ltnism\u00e4\u00dfigen Aufwand verbunden ist. Unbeschadet dessen hat der Nutzer ein Recht auf Auskunft \u00fcber diese Empf\u00e4nger.<\/p>\n\n\n\n<p>Ebenfalls haben die Nutzer und Betroffenen nach Art. 21 DSGVO das Recht auf Widerspruch gegen die k\u00fcnftige Verarbeitung der sie betreffenden Daten, sofern die Daten durch den Anbieter nach Ma\u00dfgabe von Art. 6 Abs. 1 lit. f) DSGVO verarbeitet werden. Insbesondere ist ein Widerspruch gegen die Datenverarbeitung zum Zwecke der Direktwerbung statthaft.<br>&nbsp;<\/p>\n\n\n\n<h3 class=\"wp-block-heading\">III. Informationen zur Datenverarbeitung<\/h3>\n\n\n\n<p><strong>1. Allgemeine Nutzung der Webseite<\/strong><\/p>\n\n\n\n<p><strong>a) Hosting<\/strong><\/p>\n\n\n\n<p>Die von uns in Anspruch genommenen Hosting-Leistungen dienen der Zurverf\u00fcgungstellung der folgenden Leistungen: Infrastruktur- und Plattformdienstleistungen, Rechenkapazit\u00e4t, Speicherplatz und Datenbankdienste, E-Mail-Versand, Sicherheitsleistungen sowie technische Wartungsleistungen, die wir zum Zwecke des Betriebs dieses Onlineangebotes einsetzen.<\/p>\n\n\n\n<p>Hierbei verarbeiten wir, bzw. unser Hostinganbieter<\/p>\n\n\n\n<p>Strato AG<br>Pascalstra\u00dfe 10<br>10587 Berlin<br>Deutschland<br>Tel.: +49 030 300 146 0<br>E-Mail:&nbsp;<a href=\"mailto:impressum@strato.de\">impressum@strato.de<\/a><br>Website:&nbsp;<a href=\"https:\/\/www.strato.de\/\" target=\"_blank\" rel=\"noreferrer noopener\">https:\/\/www.strato.de<\/a><\/p>\n\n\n\n<p>Bestandsdaten, Kontaktdaten, Inhaltsdaten, Vertragsdaten, Nutzungsdaten, Meta- und Kommunikationsdaten von Kunden, Interessenten und Besuchern dieses Onlineangebotes auf Grundlage unserer berechtigten Interessen an einer effizienten und sicheren Zurverf\u00fcgungstellung dieses Onlineangebotes gem. Art. 6 Abs. 1 lit. f DSGVO i.V.m. Art. 28 DSGVO (Abschluss Auftragsverarbeitungsvertrag).<\/p>\n\n\n\n<p><strong>b) Erhebung von Zugriffsdaten und Logfiles<\/strong><\/p>\n\n\n\n<p>Der Hostinganbieter erhebt und speichert Daten, die Ihr Browser \u00fcbermittelt, automatisch als &#8222;Server-Logfiles&#8220; ab. Protokolliert werden:<br>\u2022 Besuchte Website<br>\u2022 Uhrzeit zum Zeitpunkt des Zugriffes<br>\u2022 Menge der gesendeten Daten in Byte<br>\u2022 Quelle\/Verweis, von welchem Sie auf die Seite gelangten<br>\u2022 Verwendeter Browser<br>\u2022 Verwendetes Betriebssystem<br>\u2022 Verwendete IP-Adresse<br>Die Logfiles werden durch den Hostinganbieter 7 Tage lang vorgehalten. Die erhobenen Daten dienen lediglich statistischen Auswertungen und zur Verbesserung der Website. Allerdings behalten sich die Websitebetreiber vor, die Server-Logfiles nachtr\u00e4glich zu \u00fcberpr\u00fcfen, falls konkrete Anhaltspunkte auf eine rechtswidrige Nutzung hinweisen sollten.<\/p>\n\n\n\n<p>Die Datenschutzerkl\u00e4rung von Strato finden Sie hier:&nbsp;<a href=\"https:\/\/www.strato.de\/datenschutz\/\" target=\"_blank\" rel=\"noreferrer noopener\">https:\/\/www.strato.de\/datenschutz\/<\/a><\/p>\n\n\n\n<p><strong>c) Cookies<\/strong><\/p>\n\n\n\n<p>Diese Website verwendet Cookies. Cookies sind kleine Textdateien, die auf Ihrem Endger\u00e4t abgelegt und durch Ihren Browser gespeichert werden. Sie richten auf Ihrem Endger\u00e4t keinen Schaden an und enthalten keine Viren. Es handelt sich hier um sogenannte Session-Cookies, die gel\u00f6scht werden, sobald Sie Ihren Browser schlie\u00dfen.<\/p>\n\n\n\n<p>Sie k\u00f6nnen Ihren Browser so einstellen, dass Sie \u00fcber das Setzen von Cookies informiert werden; es ist m\u00f6glich, Cookies nur im Einzelfall zu erlauben und die Annahme von Cookies f\u00fcr bestimmte F\u00e4lle oder generell auszuschlie\u00dfen. Dar\u00fcber hinaus k\u00f6nnen Sie das automatische L\u00f6schen s\u00e4mtlicher Cookies beim Schlie\u00dfen des Browsers aktivieren.<\/p>\n\n\n\n<p>Sollten Sie die Installation der Cookies verhindern oder einschr\u00e4nken, kann dies allerdings dazu f\u00fchren, dass nicht s\u00e4mtliche Funktionen unseres Internetauftritts vollumf\u00e4nglich nutzbar sind.<\/p>\n\n\n\n<p><strong>d) Einbindung von Diensten und Inhalten Dritter<\/strong><\/p>\n\n\n\n<p>Wir setzen innerhalb unseres Onlineangebotes auf Grundlage unserer berechtigten Interessen (d.h. Interesse an der Analyse, Optimierung und Betrieb unseres Onlineangebotes im Sinne des Art. 6 Abs. 1 lit. f. DSGVO) Inhalts- oder Serviceangebote von Drittanbietern ein, um deren Inhalte und Services, wie z.B. Videos oder Schriftarten einzubinden (nachfolgend einheitlich bezeichnet als \u201cInhalte\u201d).<\/p>\n\n\n\n<p>Dies setzt immer voraus, dass die Drittanbieter dieser Inhalte die IP-Adresse der Nutzer wahrnehmen, da sie ohne die IP-Adresse die Inhalte nicht an deren Browser senden k\u00f6nnten. Die IP-Adresse ist damit f\u00fcr die Darstellung dieser Inhalte erforderlich. Wir bem\u00fchen uns, nur solche Inhalte zu verwenden, deren jeweilige Anbieter die IP-Adresse lediglich zur Auslieferung der Inhalte verwenden. Drittanbieter k\u00f6nnen ferner so genannte Pixel-Tags (unsichtbare Grafiken, auch als \u201eWeb Beacons\u201c bezeichnet) f\u00fcr statistische oder Marketingzwecke verwenden. Durch die \u201ePixel-Tags\u201c k\u00f6nnen Informationen, wie der Besucherverkehr auf den Seiten dieser Website ausgewertet werden. Die pseudonymen Informationen k\u00f6nnen ferner in Cookies auf dem Ger\u00e4t der Nutzer gespeichert werden und unter anderem technische Informationen zum Browser und Betriebssystem, verweisende Webseiten, Besuchszeit sowie weitere Angaben zur Nutzung unseres Onlineangebotes enthalten, als auch mit solchen Informationen aus anderen Quellen verbunden werden.<\/p>\n\n\n\n<p><strong>e) YouTube<\/strong><\/p>\n\n\n\n<p>In unserem Internetauftritt setzen wir YouTube ein. Hierbei handelt es sich um ein Videoportal der YouTube LLC., 901 Cherry Ave., 94066 San Bruno, CA, USA, nachfolgend nur \u201eYouTube\u201c genannt.<\/p>\n\n\n\n<p>YouTube ist ein Tochterunternehmen der Google LLC., 1600 Amphitheatre Parkway, Mountain View, CA 94043 USA, nachfolgend nur \u201eGoogle\u201c genannt.<\/p>\n\n\n\n<p>Durch die Zertifizierung nach dem EU-US-Datenschutzschild (\u201eEU-US Privacy Shield\u201c)<\/p>\n\n\n\n<figure class=\"wp-block-embed\"><div class=\"wp-block-embed__wrapper\">\nhttps:\/\/www.privacyshield.gov\/participant?id=a2zt000000001L5AAI&#038;status=Active\n<\/div><\/figure>\n\n\n\n<p>garantiert Google und damit auch das Tochterunternehmen YouTube, dass die Datenschutzvorgaben der EU auch bei der Verarbeitung von Daten in den USA eingehalten werden.<\/p>\n\n\n\n<p>Wir nutzen YouTube im Zusammenhang mit der Funktion \u201eErweiterter Datenschutzmodus\u201c, um Ihnen Videos anzeigen zu k\u00f6nnen. Rechtsgrundlage ist Art. 6 Abs. 1 lit. f) DSGVO. Unser berechtigtes Interesse liegt in der Qualit\u00e4tsverbesserung unseres Internetauftritts. Die Funktion \u201eErweiterter Datenschutzmodus\u201c bewirkt laut Angaben von YouTube, dass die nachfolgend noch n\u00e4her bezeichneten Daten nur dann an den Server von YouTube \u00fcbermittelt werden, wenn Sie ein Video auch tats\u00e4chlich starten.<\/p>\n\n\n\n<p>Ohne diesen \u201eErweiterten Datenschutz\u201c wird eine Verbindung zum Server von YouTube in den USA hergestellt, sobald Sie eine unserer Internetseiten, auf der ein YouTube-Video eingebettet ist, aufrufen.<\/p>\n\n\n\n<p>Diese Verbindung ist erforderlich, um das jeweilige Video auf unserer Internetseite \u00fcber Ihren Internet-Browser darstellen zu k\u00f6nnen. Im Zuge dessen wird YouTube zumindest Ihre IP-Adresse, das Datum nebst Uhrzeit sowie die von Ihnen besuchte Internetseite erfassen und verarbeiten. Zudem wird eine Verbindung zu dem Werbenetzwerk \u201eDoubleClick\u201c von Google hergestellt.<\/p>\n\n\n\n<p>Sollten Sie gleichzeitig bei YouTube eingeloggt sein, weist YouTube die Verbindungsinformationen Ihrem YouTube-Konto zu. Wenn Sie das verhindern m\u00f6chten, m\u00fcssen Sie sich entweder vor dem Besuch unseres Internetauftritts bei YouTube ausloggen oder die entsprechenden Einstellungen in Ihrem YouTube-Benutzerkonto vornehmen.<\/p>\n\n\n\n<p>Zum Zwecke der Funktionalit\u00e4t sowie zur Analyse des Nutzungsverhaltens speichert YouTube dauerhaft Cookies \u00fcber Ihren Internet-Browser auf Ihrem Endger\u00e4t. Falls Sie mit dieser Verarbeitung nicht einverstanden sind, haben Sie die M\u00f6glichkeit, die Speicherung der Cookies durch eine Einstellung in Ihrem Internet-Browsers zu verhindern. N\u00e4here Informationen hierzu finden Sie vorstehend unter \u201eCookies\u201c.<\/p>\n\n\n\n<p>Weitergehende Informationen \u00fcber die Erhebung und Nutzung von Daten sowie Ihre diesbez\u00fcglichen Rechte und Schutzm\u00f6glichkeiten h\u00e4lt Google in den unter&nbsp;<a href=\"https:\/\/policies.google.com\/privacy\" target=\"_blank\" rel=\"noreferrer noopener\">https:\/\/policies.google.com\/privacy<\/a>&nbsp;abrufbaren Datenschutzhinweisen bereit, ebenso wie ein Opt-Out:&nbsp;<a href=\"https:\/\/adssettings.google.com\/authenticated\" target=\"_blank\" rel=\"noreferrer noopener\">https:\/\/adssettings.google.com\/authenticated<\/a>.<\/p>\n\n\n\n<p><strong>f) Vimeo<\/strong><\/p>\n\n\n\n<p>Wir k\u00f6nnen die Videos der Plattform \u201cVimeo\u201d des Anbieters Vimeo Inc., Attention: Legal Department, 555 West 18th Street New York, New York 10011, USA, einbinden. Datenschutzerkl\u00e4rung:&nbsp;<a href=\"https:\/\/vimeo.com\/privacy\" target=\"_blank\" rel=\"noreferrer noopener\">https:\/\/vimeo.com\/privacy<\/a>. Wir weisen darauf hin, dass Vimeo Google Analytics einsetzen kann und verweisen hierzu auf die Datenschutzerkl\u00e4rung (<a href=\"https:\/\/www.google.com\/policies\/privacy\" target=\"_blank\" rel=\"noreferrer noopener\">https:\/\/www.google.com\/policies\/privacy<\/a>) sowie Opt-Out-M\u00f6glichkeiten f\u00fcr Google-Analytics (<a href=\"http:\/\/tools.google.com\/dlpage\/gaoptout?hl=de\" target=\"_blank\" rel=\"noreferrer noopener\">http:\/\/tools.google.com\/dlpage\/gaoptout?hl=de<\/a>) oder die Einstellungen von Google f\u00fcr die Datennutzung zu Marketingzwecken (<a href=\"https:\/\/adssettings.google.com\/\" target=\"_blank\" rel=\"noreferrer noopener\">https:\/\/adssettings.google.com\/.<\/a>).<br>&nbsp;<\/p>\n\n\n\n<p><strong>2. Onlinepr\u00e4senzen des AV\u00dc e.V. in sozialen Medien<\/strong><\/p>\n\n\n\n<p>Wir unterhalten Onlinepr\u00e4senzen innerhalb sozialer Netzwerke und Plattformen, um mit den dort aktiven Mitgliedern, Firmen, Nutzern und Interessenten kommunizieren und sie dort \u00fcber unsere Angebote und Leistungen sowie aktuelle, unseren Schaffensbereich betreffende Nachrichten und Entwicklungen informieren zu k\u00f6nnen. Beim Aufruf der jeweiligen Netzwerke und Plattformen gelten die Gesch\u00e4ftsbedingungen und die Datenverarbeitungsrichtlinien deren jeweiliger Betreiber.<\/p>\n\n\n\n<p>Soweit nicht anders im Rahmen unserer Datenschutzerkl\u00e4rung angegeben, verarbeiten wir die Daten der Nutzer, sofern diese mit uns innerhalb der sozialen Netzwerke und Plattformen kommunizieren, z. B. Beitr\u00e4ge auf unseren Onlinepr\u00e4senzen verfassen oder uns Nachrichten zusenden.<\/p>\n\n\n\n<p>Weitere Informationen zum Datenschutz bei Facebook finden sich hier:&nbsp;<a href=\"https:\/\/de-de.facebook.com\/policy.php\" target=\"_blank\" rel=\"noreferrer noopener\">https:\/\/de-de.facebook.com\/policy.php<\/a>, zum Datenschutz bei Twitter hier:&nbsp;<a href=\"https:\/\/twitter.com\/privacy?lang=de#update\" target=\"_blank\" rel=\"noreferrer noopener\">https:\/\/twitter.com\/privacy?lang=de#update<\/a>&nbsp;und zum Datenschutz bei Instagram hier:&nbsp;<a href=\"https:\/\/help.instagram.com\/519522125107875\" target=\"_blank\" rel=\"noreferrer noopener\">https:\/\/help.instagram.com\/519522125107875<\/a>. Informationen zum Datenschutz bei LinkedIn finden sich unter <a href=\"https:\/\/de.linkedin.com\/legal\/privacy-policy\">https:\/\/de.linkedin.com\/legal\/privacy-policy<\/a>.<br>&nbsp;<\/p>\n\n\n\n<p><strong>3. Kontaktaufnahme und E-Mail-Versand<\/strong><\/p>\n\n\n\n<p>Wenn Sie mit uns in Kontakt treten (z.B. per Kontaktformular, E-Mail, Telefon oder via sozialer Medien), speichern wir Ihre Angaben zur Bearbeitung der Anfrage sowie f\u00fcr den Fall, dass Anschlussfragen entstehen. Die Angaben der Nutzer k\u00f6nnen in einem Customer-Relationship-Management System (&#8222;CRM-System&#8220;) oder vergleichbarer Anfragenorganisation gespeichert werden. Weitere personenbezogene Daten speichern und nutzen wir nur, wenn Sie dazu einwilligen oder dies ohne besondere Einwilligung gesetzlich gem. Art. 6 Abs. 1 lit. b) DSGVO zul\u00e4ssig ist. Ferner gelten die gesetzlichen Archivierungspflichten.<br>&nbsp;<\/p>\n\n\n\n<p><strong>4. Vertragsabwicklung<\/strong><\/p>\n\n\n\n<p>Wenn Sie mit uns in Kontakt treten und um eine Mitgliedschaft in unserem Verein ersuchen, erheben wir von Ihnen die zum Zwecke der Antragstellung auf Mitgliedschaft und Vertragsabwicklung erforderlichen Daten und verarbeiteten diese. Eine Mitgliedschaft im AV\u00dc e.V., Vertragsschluss und Vertragsabwicklung sind ohne die Bereitstellung Ihrer Daten nicht m\u00f6glich.<\/p>\n\n\n\n<p>Rechtsgrundlage f\u00fcr die Verarbeitung ist Art. 6 Abs. 1 lit. b) DSGVO.<\/p>\n\n\n\n<p>Im Rahmen eines Antrags auf Mitgliedschaft geben wir nach Pr\u00fcfung der Voraussetzungen f\u00fcr die Mitgliedschaft und Annahme derselben durch den Vorstand, Ihre Daten an das mit der Mitgliederverwaltung beauftragte Unternehmen und\/oder an den Finanzdienstleister weiter, soweit die Weitergabe zur Mitgliederverwaltung, zum Zwecke von Vertragsabschl\u00fcssen und Vertragsabwicklungen und\/oder zu Bezahlzwecken erforderlich ist.<\/p>\n\n\n\n<p>Rechtsgrundlage f\u00fcr die Weitergabe der Daten ist dann Art. 6 Abs. 1 lit. b) DSGVO.<\/p>\n\n\n\n<p>Ihre personenbezogenen Daten werden nur so lange aufbewahrt, wie dies f\u00fcr die Erbringung unserer Dienstleistungen erforderlich ist. Eine dar\u00fcber hinaus dauernde Datenspeicherung kann aufgrund gesetzlicher, steuer-, handels- und vereinsrechtlicher Aufbewahrungsfristen erforderlich sein.<\/p>\n\n\n\n<p><em>Diese Datenschutzerkl\u00e4rung wurde erstellt mit dem&nbsp;<a href=\"https:\/\/datenschutz-generator.de\/\" target=\"_blank\" rel=\"noreferrer noopener\">Datenschutz-Generator.de von RA Dr Thomas Schwenke<\/a>&nbsp;sowie der&nbsp;<a href=\"https:\/\/www.ratgeberrecht.eu\/leistungen\/muster-datenschutzerklaerung.html\" target=\"_blank\" rel=\"noreferrer noopener\">Muster-Datenschutzerkl\u00e4rung<\/a>&nbsp;der&nbsp;<a href=\"https:\/\/www.ratgeberrecht.eu\/\" target=\"_blank\" rel=\"noreferrer noopener\">Anwaltskanzlei Wei\u00df &amp; Partner<\/a>&nbsp;und vom Websiteinhaber der Domain filmuebersetzen.de angepasst. Stand der Datenschutzerkl\u00e4rung ist Mai 2018, erste Aktualisierung im Juni 2018. Durch die Weiterentwicklung unserer Website und unserer Angebote oder aufgrund ge\u00e4nderter gesetzlicher, rechtlicher oder beh\u00f6rdlicher Vorgaben, kann es notwendig werden, diese Datenschutzerkl\u00e4rung zu \u00e4ndern. Die jeweils aktuelle Datenschutzerkl\u00e4rung kann jederzeit unter&nbsp;<a href=\"https:\/\/filmuebersetzen.de\/datenschutz.html\" target=\"_blank\" rel=\"noreferrer noopener\">filmuebersetzen.de\/datenschutz<\/a>&nbsp;von Ihnen abgerufen und ausgedruckt werden.<\/em><\/p>\n\n\n\n<p><\/p>\n\n\n\n<p><\/p>\n","protected":false},"excerpt":{"rendered":"<p>Impressum AudioVisuelle \u00dcbersetzer*innen \u2013 AV\u00dc e. V., Lausitzer Stra\u00dfe 10, Aufgang B 4. OG, 10999 BerlinAmtsgericht Charlottenburg, Registernr. VR 35159 BVereinsregister: Amtsgerichtsplatz 1, 14057 BerlinHandelsregister: Hardenbergstra\u00dfe 31, 10623 Berlin Vetretungsberechtigter Vorstand: Johanna Czerny (1. Vorsitzende), Nadine P\u00fcschel (2. Vorsitzende), Isabella Bautz (Schatzmeisterin), Isabelle Mathes (Schriftf\u00fchrerin).Beisitzerinnen: Nele Katzwinkel (Mitgliederverwaltung), Morgane Saint-Cast. Inhaltlich verantwortlich i.S.d. \u00a7 18 [&hellip;]<\/p>\n","protected":false},"author":1,"featured_media":0,"parent":0,"menu_order":0,"comment_status":"closed","ping_status":"closed","template":"","meta":{"footnotes":""},"class_list":["post-81","page","type-page","status-publish","hentry","post-preview"],"_links":{"self":[{"href":"https:\/\/blog.avue-ev.de\/index.php?rest_route=\/wp\/v2\/pages\/81","targetHints":{"allow":["GET"]}}],"collection":[{"href":"https:\/\/blog.avue-ev.de\/index.php?rest_route=\/wp\/v2\/pages"}],"about":[{"href":"https:\/\/blog.avue-ev.de\/index.php?rest_route=\/wp\/v2\/types\/page"}],"author":[{"embeddable":true,"href":"https:\/\/blog.avue-ev.de\/index.php?rest_route=\/wp\/v2\/users\/1"}],"replies":[{"embeddable":true,"href":"https:\/\/blog.avue-ev.de\/index.php?rest_route=%2Fwp%2Fv2%2Fcomments&post=81"}],"version-history":[{"count":6,"href":"https:\/\/blog.avue-ev.de\/index.php?rest_route=\/wp\/v2\/pages\/81\/revisions"}],"predecessor-version":[{"id":281,"href":"https:\/\/blog.avue-ev.de\/index.php?rest_route=\/wp\/v2\/pages\/81\/revisions\/281"}],"wp:attachment":[{"href":"https:\/\/blog.avue-ev.de\/index.php?rest_route=%2Fwp%2Fv2%2Fmedia&parent=81"}],"curies":[{"name":"wp","href":"https:\/\/api.w.org\/{rel}","templated":true}]}}